{"id":608,"date":"2022-06-10T19:22:20","date_gmt":"2022-06-10T19:22:20","guid":{"rendered":"https:\/\/demo.themedraft.net\/wp\/doctio\/?page_id=608"},"modified":"2025-01-09T12:29:58","modified_gmt":"2025-01-09T12:29:58","slug":"hakkimizda","status":"publish","type":"page","link":"https:\/\/sgkimya.com.tr\/?page_id=608","title":{"rendered":"Hakk\u0131m\u0131zda"},"content":{"rendered":"\t\t<div data-elementor-type=\"wp-page\" data-elementor-id=\"608\" class=\"elementor elementor-608\">\n\t\t\t\t\t\t<section class=\"elementor-section elementor-top-section elementor-element elementor-element-433d3c3b elementor-section-stretched elementor-section-height-min-height elementor-section-items-stretch elementor-section-boxed elementor-section-height-default\" data-id=\"433d3c3b\" data-element_type=\"section\" data-e-type=\"section\" data-settings=\"{&quot;stretch_section&quot;:&quot;section-stretched&quot;}\">\n\t\t\t\t\t\t<div class=\"elementor-container elementor-column-gap-default\">\n\t\t\t\t\t<div class=\"elementor-column elementor-col-100 elementor-top-column elementor-element elementor-element-2ec804cd\" data-id=\"2ec804cd\" data-element_type=\"column\" data-e-type=\"column\">\n\t\t\t<div class=\"elementor-widget-wrap elementor-element-populated\">\n\t\t\t\t\t\t<div class=\"elementor-element elementor-element-7f8a77d3 elementor-widget elementor-widget-themedraft_section_title\" data-id=\"7f8a77d3\" data-element_type=\"widget\" data-e-type=\"widget\" data-widget_type=\"themedraft_section_title.default\">\n\t\t\t\t<div class=\"elementor-widget-container\">\n\t\t\t\t\t\n\t\t<div class=\"td-section-title-wrapper\">\n            <div class=\"td-section-title-content td-secondary-font\">\n                                    <div class=\"td-section-title-bg-text left\">\n                        Tan\u0131\u015fal\u0131m                    <\/div>\n                \n                \n                                    <div class=\"td-section-title\">\n                        <h2>Biz Kimiz?<\/h2>                    <\/div>\n                                        <div class=\"title-bottom-line\" style=\"background-image: url(https:\/\/demo.themedraft.net\/wp\/doctio\/wp-content\/uploads\/2022\/06\/line-1.png)\"><\/div>\n                                                <\/div>\n\t\t<\/div>\n\t\t\t\t\t\t<\/div>\n\t\t\t\t<\/div>\n\t\t\t\t<div class=\"elementor-element elementor-element-6b2eb3ed elementor-widget__width-initial elementor-widget elementor-widget-themedraft_text\" data-id=\"6b2eb3ed\" data-element_type=\"widget\" data-e-type=\"widget\" data-widget_type=\"themedraft_text.default\">\n\t\t\t\t<div class=\"elementor-widget-container\">\n\t\t\t\t\t\n\t\t<div class=\"td-text-wrapper\">\n\t\t\t<p>De\u011ferli M\u00fc\u015fterimiz,<\/p><p>Firmam\u0131z, end\u00fcstriyel tesisler ve AVM lerde kullan\u0131lan isitma ve so\u011futma hatlar\u0131n\u0131n temizli\u011fi konusunda uzmanla\u015fm\u0131\u015ft\u0131r. Is\u0131tma ve so\u011futma hatlar\u0131, tesislerin verimlili\u011fi ve g\u00fcvenli\u011fi i\u00e7in kritik \u00f6neme sahiptir. Bu nedenle, bak\u0131m ve temizlikleri b\u00fcy\u00fck bir titizlikle ger\u00e7ekle\u015ftirilmelidir.<br \/>Is\u0131tma ve so\u011futma hatlar\u0131n\u0131z\u0131n bak\u0131m\u0131 ve temizli\u011fi, tesisinizin uzun \u00f6m\u00fcrl\u00fc olmas\u0131n\u0131 ve sorunsuz bir \u015fekilde \u00e7al\u0131\u015fmas\u0131n\u0131 sa\u011flar. Siz de i\u015fletmenizin verimlili\u011fini art\u0131rmak ve g\u00fcvenli\u011fini sa\u011flamak i\u00e7in bu hizmetimizden faydalanabilirsiniz.<\/p><p>Sayg\u0131lar\u0131m\u0131zla,<\/p><p><strong>SG Kimya<\/strong><\/p>\n            \t\t<\/div>\n\n\t\t\t\t\t\t<\/div>\n\t\t\t\t<\/div>\n\t\t\t\t\t<\/div>\n\t\t<\/div>\n\t\t\t\t\t<\/div>\n\t\t<\/section>\n\t\t\t\t<section class=\"elementor-section elementor-top-section elementor-element elementor-element-5a78f735 elementor-section-full_width elementor-section-stretched elementor-section-height-default elementor-section-height-default\" data-id=\"5a78f735\" data-element_type=\"section\" data-e-type=\"section\" data-settings=\"{&quot;stretch_section&quot;:&quot;section-stretched&quot;,&quot;background_background&quot;:&quot;classic&quot;}\">\n\t\t\t\t\t\t<div class=\"elementor-container elementor-column-gap-default\">\n\t\t\t\t\t<div class=\"elementor-column elementor-col-100 elementor-top-column elementor-element elementor-element-52e49418\" data-id=\"52e49418\" data-element_type=\"column\" data-e-type=\"column\">\n\t\t\t<div class=\"elementor-widget-wrap elementor-element-populated\">\n\t\t\t\t\t\t<div class=\"elementor-element elementor-element-57884f57 elementor-widget elementor-widget-themedraft_section_title\" data-id=\"57884f57\" data-element_type=\"widget\" data-e-type=\"widget\" data-widget_type=\"themedraft_section_title.default\">\n\t\t\t\t<div class=\"elementor-widget-container\">\n\t\t\t\t\t\n\t\t<div class=\"td-section-title-wrapper\">\n            <div class=\"td-section-title-content td-secondary-font\">\n                \n                                    <div class=\"td-section-subtitle td-primary-color\">\n                        \u00d6nemli Bilgiler                    <\/div>\n                \n                                    <div class=\"td-section-title\">\n                        <h2>Is\u0131tma ve so\u011futma hatt\u0131 Kimyasal Y\u0131kama<\/h2>                    <\/div>\n                                        <div class=\"title-bottom-line\" style=\"background-image: url(https:\/\/demo.themedraft.net\/wp\/doctio\/wp-content\/uploads\/2022\/06\/line-1.png)\"><\/div>\n                                                <\/div>\n\t\t<\/div>\n\t\t\t\t\t\t<\/div>\n\t\t\t\t<\/div>\n\t\t\t\t<div class=\"elementor-element elementor-element-4bcd7901 elementor-widget elementor-widget-themedraft_service_box_four\" data-id=\"4bcd7901\" data-element_type=\"widget\" data-e-type=\"widget\" data-widget_type=\"themedraft_service_box_four.default\">\n\t\t\t\t<div class=\"elementor-widget-container\">\n\t\t\t\t\t\n\t\t<div class=\"td-service-four-wrapper\">\n\t\t\t<div class=\"container\">\n\t\t\t\t<div class=\"row\">\n                                                <div class=\"col-xl-3 col-lg-4 col-md-6\">\n                                <div class=\"service-style-two-wrapper\">\n                                    <div class=\"service-style-two-item\">\n                                        <div class=\"td-service-two-icon td-primary-color\">\n                                            <i aria-hidden=\"true\" class=\"td-icon flaticon-time\"><\/i>                                        <\/div>\n\n                                        <a href=\"\" class=\"service-two-title td-secondary-font\">Enerji Tasarrufu<\/a>\n\n                                        <div class=\"service-two-desc\">\n                                            Temiz hatlar, daha az enerji t\u00fcketir ve daha d\u00fc\u015f\u00fck i\u015fletme maliyetleri sa\u011flar. Ayr\u0131ca bak\u0131m ve temizlik, tesisin enerji verimlili\u011fini art\u0131r\u0131r.                                        <\/div>\n\n                                        <div class=\"service-two-details-btn\">\n                                            <a class=\"td-text-button\" href=\"\"> <i class=\"fas fa-angle-double-right\"><\/i><\/a>\n                                        <\/div>\n                                    <\/div>\n                                <\/div>\n                            <\/div>\n                                                <div class=\"col-xl-3 col-lg-4 col-md-6\">\n                                <div class=\"service-style-two-wrapper\">\n                                    <div class=\"service-style-two-item\">\n                                        <div class=\"td-service-two-icon td-primary-color\">\n                                            <i aria-hidden=\"true\" class=\"td-icon flaticon-technical-support-2\"><\/i>                                        <\/div>\n\n                                        <a href=\"\" class=\"service-two-title td-secondary-font\">Ekipman ve Teknoloji<\/a>\n\n                                        <div class=\"service-two-desc\">\n                                            Firmam\u0131z, en son teknolojiye sahip ekipmanlar ve \u00f6zel kimyasallar kullanarak \u0131s\u0131tma ve so\u011futma hatlar\u0131n\u0131n etkili bir \u015fekilde temizlenmesini sa\u011flar.                                        <\/div>\n\n                                        <div class=\"service-two-details-btn\">\n                                            <a class=\"td-text-button\" href=\"\"> <i class=\"fas fa-angle-double-right\"><\/i><\/a>\n                                        <\/div>\n                                    <\/div>\n                                <\/div>\n                            <\/div>\n                                                <div class=\"col-xl-3 col-lg-4 col-md-6\">\n                                <div class=\"service-style-two-wrapper\">\n                                    <div class=\"service-style-two-item\">\n                                        <div class=\"td-service-two-icon td-primary-color\">\n                                            <svg aria-hidden=\"true\" class=\"e-font-icon-svg e-fas-users\" viewBox=\"0 0 640 512\" xmlns=\"http:\/\/www.w3.org\/2000\/svg\"><path d=\"M96 224c35.3 0 64-28.7 64-64s-28.7-64-64-64-64 28.7-64 64 28.7 64 64 64zm448 0c35.3 0 64-28.7 64-64s-28.7-64-64-64-64 28.7-64 64 28.7 64 64 64zm32 32h-64c-17.6 0-33.5 7.1-45.1 18.6 40.3 22.1 68.9 62 75.1 109.4h66c17.7 0 32-14.3 32-32v-32c0-35.3-28.7-64-64-64zm-256 0c61.9 0 112-50.1 112-112S381.9 32 320 32 208 82.1 208 144s50.1 112 112 112zm76.8 32h-8.3c-20.8 10-43.9 16-68.5 16s-47.6-6-68.5-16h-8.3C179.6 288 128 339.6 128 403.2V432c0 26.5 21.5 48 48 48h288c26.5 0 48-21.5 48-48v-28.8c0-63.6-51.6-115.2-115.2-115.2zm-223.7-13.4C161.5 263.1 145.6 256 128 256H64c-35.3 0-64 28.7-64 64v32c0 17.7 14.3 32 32 32h65.9c6.3-47.4 34.9-87.3 75.2-109.4z\"><\/path><\/svg>                                        <\/div>\n\n                                        <a href=\"\" class=\"service-two-title td-secondary-font\">Uzman Ekibimiz<\/a>\n\n                                        <div class=\"service-two-desc\">\n                                            Deneyimli ve e\u011fitimli personelimiz, \u0131s\u0131tma ve so\u011futma hatlar\u0131n\u0131n en etkili \u015fekilde K\u0130MYASAL YIKAMA ile temizlenmesini sa\u011flar ve m\u00fc\u015fteri memnuniyetini \u00f6n planda tutar.                                        <\/div>\n\n                                        <div class=\"service-two-details-btn\">\n                                            <a class=\"td-text-button\" href=\"\"> <i class=\"fas fa-angle-double-right\"><\/i><\/a>\n                                        <\/div>\n                                    <\/div>\n                                <\/div>\n                            <\/div>\n                                                <div class=\"col-xl-3 col-lg-4 col-md-6\">\n                                <div class=\"service-style-two-wrapper\">\n                                    <div class=\"service-style-two-item\">\n                                        <div class=\"td-service-two-icon td-primary-color\">\n                                            <i aria-hidden=\"true\" class=\"td-icon flaticon-pulse\"><\/i>                                        <\/div>\n\n                                        <a href=\"\" class=\"service-two-title td-secondary-font\">Verimlilik ve Performans Art\u0131\u015f\u0131<\/a>\n\n                                        <div class=\"service-two-desc\">\n                                            Temizlenmemi\u015f hatlar, zamanla kire\u00e7lenme, tortu birikimi ve paslanma (KOROZYON) gibi sorunlara neden olabilir. Is\u0131tma ve so\u011futma hatlar\u0131n\u0131n K\u0130MYASAL YIKAMA ile temizlenmesi, sistemlerin verimlili\u011fini art\u0131r\u0131r ve performans\u0131n\u0131 optimize eder.                                        <\/div>\n\n                                        <div class=\"service-two-details-btn\">\n                                            <a class=\"td-text-button\" href=\"\"> <i class=\"fas fa-angle-double-right\"><\/i><\/a>\n                                        <\/div>\n                                    <\/div>\n                                <\/div>\n                            <\/div>\n                    \t\t\t\t<\/div>\n\t\t\t<\/div>\n\t\t<\/div>\n\t\t\t\t\t\t<\/div>\n\t\t\t\t<\/div>\n\t\t\t\t\t<\/div>\n\t\t<\/div>\n\t\t\t\t\t<\/div>\n\t\t<\/section>\n\t\t\t\t<section class=\"elementor-section elementor-top-section elementor-element elementor-element-5631ca09 elementor-section-stretched elementor-section-boxed elementor-section-height-default elementor-section-height-default\" data-id=\"5631ca09\" data-element_type=\"section\" data-e-type=\"section\" data-settings=\"{&quot;stretch_section&quot;:&quot;section-stretched&quot;}\">\n\t\t\t\t\t\t<div class=\"elementor-container elementor-column-gap-default\">\n\t\t\t\t\t<div class=\"elementor-column elementor-col-33 elementor-top-column elementor-element elementor-element-2183edc5\" data-id=\"2183edc5\" data-element_type=\"column\" data-e-type=\"column\">\n\t\t\t<div class=\"elementor-widget-wrap elementor-element-populated\">\n\t\t\t\t\t\t<div class=\"elementor-element elementor-element-5a358cda elementor-widget elementor-widget-themedraft_section_title\" data-id=\"5a358cda\" data-element_type=\"widget\" data-e-type=\"widget\" data-widget_type=\"themedraft_section_title.default\">\n\t\t\t\t<div class=\"elementor-widget-container\">\n\t\t\t\t\t\n\t\t<div class=\"td-section-title-wrapper\">\n            <div class=\"td-section-title-content td-secondary-font\">\n                \n                                    <div class=\"td-section-subtitle td-primary-color\">\n                        Neden Bizi Se\u00e7melisiniz                    <\/div>\n                \n                                    <div class=\"td-section-title\">\n                        <h2>Herhangi bir sorunuz var m\u0131? Sormaktan \u00e7ekinmeyin.<\/h2>                    <\/div>\n                                        <div class=\"title-bottom-line\" style=\"background-image: url(https:\/\/demo.themedraft.net\/wp\/doctio\/wp-content\/uploads\/2022\/06\/line-8.png)\"><\/div>\n                                                <\/div>\n\t\t<\/div>\n\t\t\t\t\t\t<\/div>\n\t\t\t\t<\/div>\n\t\t\t\t<div class=\"elementor-element elementor-element-6fad022 elementor-widget elementor-widget-themedraft_text\" data-id=\"6fad022\" data-element_type=\"widget\" data-e-type=\"widget\" data-widget_type=\"themedraft_text.default\">\n\t\t\t\t<div class=\"elementor-widget-container\">\n\t\t\t\t\t\n\t\t<div class=\"td-text-wrapper\">\n\t\t\t<p><strong>Is\u0131tma ve so\u011futma hatlar\u0131 tesisinizin kalbi gibidir.<\/strong> Bu hatlar\u0131n temiz ve verimli \u00e7al\u0131\u015fmas\u0131, tesisinizin genel performans\u0131 ve enerji tasarrufu i\u00e7in kritik \u00f6nem ta\u015f\u0131r. Firmam\u0131z, <strong>end\u00fcstriyel tesisler ve AVM'lerde kullan\u0131lan \u0131s\u0131tma ve so\u011futma hatlar\u0131n\u0131n kimyasal y\u0131kama ile temizli\u011fi konusunda uzmanla\u015fm\u0131\u015ft\u0131r.\u00a0<\/strong><\/p>\n            \t\t<\/div>\n\n\t\t\t\t\t\t<\/div>\n\t\t\t\t<\/div>\n\t\t\t\t\t<\/div>\n\t\t<\/div>\n\t\t\t\t<div class=\"elementor-column elementor-col-66 elementor-top-column elementor-element elementor-element-5a72fc58\" data-id=\"5a72fc58\" data-element_type=\"column\" data-e-type=\"column\">\n\t\t\t<div class=\"elementor-widget-wrap elementor-element-populated\">\n\t\t\t\t\t\t<div class=\"elementor-element elementor-element-4200fb7 elementor-widget elementor-widget-themeDraft_accordion\" data-id=\"4200fb7\" data-element_type=\"widget\" data-e-type=\"widget\" data-widget_type=\"themeDraft_accordion.default\">\n\t\t\t\t<div class=\"elementor-widget-container\">\n\t\t\t\t\t        <div class=\"td-accordion-wrapper td-accordion-wrapper-29395\">\n            <div class=\"accordion\" id=\"td-accordion-29395\">\n\n\t\t\t\t                        <div class=\"accordion-item\">\n                            <h2 class=\"accordion-header\">\n                                <button class=\"accordion-button \" type=\"button\" data-bs-toggle=\"collapse\" data-bs-target=\"#collapse-129395\" aria-expanded=\"true\" aria-controls=\"collapse-129395\">\n\t\t\t\t\t\t\t\t\t01. Is\u0131tma ve so\u011futma hatlar\u0131m\u0131 ne s\u0131kl\u0131kla kimyasal y\u0131kama ile temizletmeliyim?                                <\/button>\n                            <\/h2>\n\n                            <div id=\"collapse-129395\" class=\"accordion-collapse collapse show\" data-bs-parent=\"#td-accordion-29395\">\n                                <div class=\"accordion-body\">\n\t\t\t\t\t\t\t\t\t<p data-sourcepos=\"29:1-29:229\">Is\u0131tma ve so\u011futma hatlar\u0131n\u0131z\u0131n kimyasal y\u0131kama ile temizlenme s\u0131kl\u0131\u011f\u0131, tesisinizin t\u00fcr\u00fcne, kullan\u0131lan sisteme ve suyun kalitesine ba\u011fl\u0131 olarak de\u011fi\u015fir. Ortalama olarak, y\u0131lda bir veya iki kez kimyasal y\u0131kama yapt\u0131rman\u0131z \u00f6nerilir.<\/p>                                <\/div>\n                            <\/div>\n                        <\/div>\n\t\t\t\t\t\t                        <div class=\"accordion-item\">\n                            <h2 class=\"accordion-header\">\n                                <button class=\"accordion-button collapsed\" type=\"button\" data-bs-toggle=\"collapse\" data-bs-target=\"#collapse-229395\" aria-expanded=\"false\" aria-controls=\"collapse-229395\">\n\t\t\t\t\t\t\t\t\t02. Neden \u0131s\u0131tma ve so\u011futma hatlar\u0131m\u0131z\u0131 kimyasal y\u0131kama ile temizlemeliyiz?                                <\/button>\n                            <\/h2>\n\n                            <div id=\"collapse-229395\" class=\"accordion-collapse collapse \" data-bs-parent=\"#td-accordion-29395\">\n                                <div class=\"accordion-body\">\n\t\t\t\t\t\t\t\t\t<p data-sourcepos=\"9:1-9:253\">Temizlenmemi\u015f \u0131s\u0131tma ve so\u011futma hatlar\u0131, sistemlerin performans\u0131n\u0131 d\u00fc\u015f\u00fcr\u00fcr, enerji israf\u0131na yol a\u00e7ar ve onar\u0131m maliyetlerini art\u0131r\u0131r. Kimyasal y\u0131kama ile bu problemlerin \u00f6n\u00fcne ge\u00e7ebilir, tesisinizin verimlili\u011fini ve enerji tasarrufunu sa\u011flayabilirsiniz.<\/p>                                <\/div>\n                            <\/div>\n                        <\/div>\n\t\t\t\t\t\t                        <div class=\"accordion-item\">\n                            <h2 class=\"accordion-header\">\n                                <button class=\"accordion-button collapsed\" type=\"button\" data-bs-toggle=\"collapse\" data-bs-target=\"#collapse-329395\" aria-expanded=\"false\" aria-controls=\"collapse-329395\">\n\t\t\t\t\t\t\t\t\t03. Kimyasal y\u0131kama ile ilgili ba\u015fka sorular\u0131m var. Ne yapmal\u0131y\u0131m?                                <\/button>\n                            <\/h2>\n\n                            <div id=\"collapse-329395\" class=\"accordion-collapse collapse \" data-bs-parent=\"#td-accordion-29395\">\n                                <div class=\"accordion-body\">\n\t\t\t\t\t\t\t\t\t<div class=\"response-container ng-tns-c334145306-44 ng-star-inserted response-container-has-multiple-responses\"><div class=\"presented-response-container ng-tns-c334145306-44\"><div class=\"response-container-content ng-tns-c334145306-44\"><div class=\"response-content ng-tns-c334145306-44\"><div class=\"markdown markdown-main-panel\" dir=\"ltr\"><p data-sourcepos=\"33:1-33:71\">Akl\u0131na tak\u0131lan her t\u00fcrl\u00fc soru i\u00e7in bizimle ileti\u015fime ge\u00e7mekten \u00e7ekinme.<\/p><\/div><\/div><\/div><\/div><\/div>                                <\/div>\n                            <\/div>\n                        <\/div>\n\t\t\t\t\t\t            <\/div>\n        <\/div>\n\t\t\t\t\t\t<\/div>\n\t\t\t\t<\/div>\n\t\t\t\t\t<\/div>\n\t\t<\/div>\n\t\t\t\t\t<\/div>\n\t\t<\/section>\n\t\t\t\t<section class=\"elementor-section elementor-top-section elementor-element elementor-element-26ed1065 elementor-section-stretched elementor-section-boxed elementor-section-height-default elementor-section-height-default\" data-id=\"26ed1065\" data-element_type=\"section\" data-e-type=\"section\" data-settings=\"{&quot;background_background&quot;:&quot;classic&quot;,&quot;stretch_section&quot;:&quot;section-stretched&quot;}\">\n\t\t\t\t\t\t<div class=\"elementor-container elementor-column-gap-default\">\n\t\t\t\t\t<div class=\"elementor-column elementor-col-100 elementor-top-column elementor-element elementor-element-d471f86\" data-id=\"d471f86\" data-element_type=\"column\" data-e-type=\"column\">\n\t\t\t<div class=\"elementor-widget-wrap elementor-element-populated\">\n\t\t\t\t\t\t<div class=\"elementor-element elementor-element-3abeb80b elementor-widget-tablet__width-initial elementor-widget elementor-widget-themedraft_section_title\" data-id=\"3abeb80b\" data-element_type=\"widget\" data-e-type=\"widget\" data-widget_type=\"themedraft_section_title.default\">\n\t\t\t\t<div class=\"elementor-widget-container\">\n\t\t\t\t\t\n\t\t<div class=\"td-section-title-wrapper\">\n            <div class=\"td-section-title-content td-secondary-font\">\n                \n                                    <div class=\"td-section-subtitle td-primary-color\">\n                        \u0130leti\u015fime Ge\u00e7in                    <\/div>\n                \n                                    <div class=\"td-section-title\">\n                        <h2>Kimyasal Y\u0131kama (Flushing)<\/h2>                    <\/div>\n                                                <\/div>\n\t\t<\/div>\n\t\t\t\t\t\t<\/div>\n\t\t\t\t<\/div>\n\t\t\t\t<div class=\"elementor-element elementor-element-6c60f82c elementor-widget elementor-widget-themedraft_text\" data-id=\"6c60f82c\" data-element_type=\"widget\" data-e-type=\"widget\" data-widget_type=\"themedraft_text.default\">\n\t\t\t\t<div class=\"elementor-widget-container\">\n\t\t\t\t\t\n\t\t<div class=\"td-text-wrapper\">\n\t\t\t<p>Detayl\u0131 bilgi ve randevu i\u00e7in :\u00a0 info@sgkimya.com.tr<\/p>\n            \t\t<\/div>\n\n\t\t\t\t\t\t<\/div>\n\t\t\t\t<\/div>\n\t\t\t\t<div class=\"elementor-element elementor-element-1c82c9c elementor-widget elementor-widget-themedraft_button_widget\" data-id=\"1c82c9c\" data-element_type=\"widget\" data-e-type=\"widget\" data-widget_type=\"themedraft_button_widget.default\">\n\t\t\t\t<div class=\"elementor-widget-container\">\n\t\t\t\t\t\n\t\t<div class=\"themedraft-button-wrapper td-button-el-widget\">\n\t\t\t<a href=\"https:\/\/sgkimya.com.tr\/?page_id=629\" class=\"themedraft-button td-button themedraft-button-one\" >\u0130leti\u015fim                <i class=\"fas fa-plus\"><\/i>\n            <\/a>\n\n\t\t\t\t\t<\/div>\n\t\t\t\t\t\t<\/div>\n\t\t\t\t<\/div>\n\t\t\t\t\t<\/div>\n\t\t<\/div>\n\t\t\t\t\t<\/div>\n\t\t<\/section>\n\t\t\t\t<\/div>\n\t\t","protected":false},"excerpt":{"rendered":"<p>Tan\u0131\u015fal\u0131m Biz Kimiz? De\u011ferli M\u00fc\u015fterimiz, Firmam\u0131z, end\u00fcstriyel tesisler ve AVM lerde kullan\u0131lan isitma ve so\u011futma hatlar\u0131n\u0131n temizli\u011fi konusunda uzmanla\u015fm\u0131\u015ft\u0131r. Is\u0131tma ve so\u011futma hatlar\u0131, tesislerin verimlili\u011fi ve g\u00fcvenli\u011fi i\u00e7in kritik \u00f6neme sahiptir. Bu nedenle, bak\u0131m ve temizlikleri b\u00fcy\u00fck bir titizlikle ger\u00e7ekle\u015ftirilmelidir.Is\u0131tma ve so\u011futma hatlar\u0131n\u0131z\u0131n bak\u0131m\u0131 ve temizli\u011fi, tesisinizin uzun \u00f6m\u00fcrl\u00fc olmas\u0131n\u0131 ve sorunsuz bir \u015fekilde \u00e7al\u0131\u015fmas\u0131n\u0131 [&hellip;]<\/p>\n","protected":false},"author":1,"featured_media":0,"parent":0,"menu_order":0,"comment_status":"closed","ping_status":"closed","template":"elementor_header_footer","meta":{"footnotes":""},"class_list":["post-608","page","type-page","status-publish","hentry"],"_links":{"self":[{"href":"https:\/\/sgkimya.com.tr\/index.php?rest_route=\/wp\/v2\/pages\/608","targetHints":{"allow":["GET"]}}],"collection":[{"href":"https:\/\/sgkimya.com.tr\/index.php?rest_route=\/wp\/v2\/pages"}],"about":[{"href":"https:\/\/sgkimya.com.tr\/index.php?rest_route=\/wp\/v2\/types\/page"}],"author":[{"embeddable":true,"href":"https:\/\/sgkimya.com.tr\/index.php?rest_route=\/wp\/v2\/users\/1"}],"replies":[{"embeddable":true,"href":"https:\/\/sgkimya.com.tr\/index.php?rest_route=%2Fwp%2Fv2%2Fcomments&post=608"}],"version-history":[{"count":53,"href":"https:\/\/sgkimya.com.tr\/index.php?rest_route=\/wp\/v2\/pages\/608\/revisions"}],"predecessor-version":[{"id":5563,"href":"https:\/\/sgkimya.com.tr\/index.php?rest_route=\/wp\/v2\/pages\/608\/revisions\/5563"}],"wp:attachment":[{"href":"https:\/\/sgkimya.com.tr\/index.php?rest_route=%2Fwp%2Fv2%2Fmedia&parent=608"}],"curies":[{"name":"wp","href":"https:\/\/api.w.org\/{rel}","templated":true}]}}